{"id":73,"date":"2026-03-15T16:10:18","date_gmt":"2026-03-15T16:10:18","guid":{"rendered":"https:\/\/www.peace-by-peace.eu\/?page_id=73"},"modified":"2026-03-15T16:17:40","modified_gmt":"2026-03-15T16:17:40","slug":"arboretum-de-la-paix","status":"publish","type":"page","link":"https:\/\/www.peace-by-peace.eu\/index.php\/arboretum-de-la-paix\/","title":{"rendered":"ARBORETUM DE LA PAIX"},"content":{"rendered":"\n<figure class=\"wp-block-image size-large is-resized\"><img loading=\"lazy\" decoding=\"async\" width=\"1024\" height=\"405\" src=\"https:\/\/www.peace-by-peace.eu\/wp-content\/uploads\/2026\/03\/IMG_8485-1024x405.jpg\" alt=\"\" class=\"wp-image-80\" style=\"width:1200px;height:auto\" srcset=\"https:\/\/www.peace-by-peace.eu\/wp-content\/uploads\/2026\/03\/IMG_8485-1024x405.jpg 1024w, https:\/\/www.peace-by-peace.eu\/wp-content\/uploads\/2026\/03\/IMG_8485-300x119.jpg 300w, https:\/\/www.peace-by-peace.eu\/wp-content\/uploads\/2026\/03\/IMG_8485-768x304.jpg 768w, https:\/\/www.peace-by-peace.eu\/wp-content\/uploads\/2026\/03\/IMG_8485-1536x608.jpg 1536w, https:\/\/www.peace-by-peace.eu\/wp-content\/uploads\/2026\/03\/IMG_8485-2048x810.jpg 2048w\" sizes=\"auto, (max-width: 1024px) 100vw, 1024px\" \/><\/figure>\n\n\n\n<p class=\"has-text-align-center\">Arboretum de la paix Peace By Peace au ch\u00e2teau de Servigny<\/p>\n\n\n\n<p><strong>Chaque arbre qui y sera plant\u00e9, portera le nom de l\u2019\u00e9tablissement qui aura particip\u00e9 au circuit,&nbsp;<em>Sur les Pas du Jeune Soldat Ryan en qu\u00eate de Paix,&nbsp;<\/em>ou le nom du g\u00e9n\u00e9reux donateur qui aura soutenu Peace By Peace.<\/strong><\/p>\n\n\n\n<p>Pour tous dons, Veuillez contacter B\u00e9reng\u00e8re de Pontac aux coordonn\u00e9es ci-dessous.<\/p>\n\n\n\n<p>Je vous remercie tous infiniment, par avance pour votre aide et votre bienveillante complicit\u00e9 dans le succ\u00e8s de cette vaste et merveilleuse entreprise humaine, au service de nos jeunes et reste \u00e0 votre enti\u00e8re disposition pour vous donner toute autre information qui pourrait vous \u00eatre utile ou n\u00e9cessaire.<\/p>\n\n\n\n<p class=\"has-text-align-right\"><em>B\u00e9reng\u00e8re de Pontac<\/em><\/p>\n\n\n\n<p><\/p>\n","protected":false},"excerpt":{"rendered":"<p>Arboretum de la paix Peace By Peace au ch\u00e2teau de Servigny Chaque arbre qui y sera plant\u00e9, portera le nom [&hellip;]<\/p>\n","protected":false},"author":1,"featured_media":0,"parent":0,"menu_order":0,"comment_status":"closed","ping_status":"closed","template":"","meta":{"site-sidebar-layout":"default","site-content-layout":"","ast-site-content-layout":"default","site-content-style":"default","site-sidebar-style":"default","ast-global-header-display":"","ast-banner-title-visibility":"","ast-main-header-display":"","ast-hfb-above-header-display":"","ast-hfb-below-header-display":"","ast-hfb-mobile-header-display":"","site-post-title":"disabled","ast-breadcrumbs-content":"","ast-featured-img":"","footer-sml-layout":"","ast-disable-related-posts":"","theme-transparent-header-meta":"","adv-header-id-meta":"","stick-header-meta":"","header-above-stick-meta":"","header-main-stick-meta":"","header-below-stick-meta":"","astra-migrate-meta-layouts":"default","ast-page-background-enabled":"default","ast-page-background-meta":{"desktop":{"background-color":"var(--ast-global-color-5)","background-image":"","background-repeat":"repeat","background-position":"center center","background-size":"auto","background-attachment":"scroll","background-type":"","background-media":"","overlay-type":"","overlay-color":"","overlay-opacity":"","overlay-gradient":""},"tablet":{"background-color":"","background-image":"","background-repeat":"repeat","background-position":"center center","background-size":"auto","background-attachment":"scroll","background-type":"","background-media":"","overlay-type":"","overlay-color":"","overlay-opacity":"","overlay-gradient":""},"mobile":{"background-color":"","background-image":"","background-repeat":"repeat","background-position":"center center","background-size":"auto","background-attachment":"scroll","background-type":"","background-media":"","overlay-type":"","overlay-color":"","overlay-opacity":"","overlay-gradient":""}},"ast-content-background-meta":{"desktop":{"background-color":"var(--ast-global-color-4)","background-image":"","background-repeat":"repeat","background-position":"center center","background-size":"auto","background-attachment":"scroll","background-type":"","background-media":"","overlay-type":"","overlay-color":"","overlay-opacity":"","overlay-gradient":""},"tablet":{"background-color":"var(--ast-global-color-4)","background-image":"","background-repeat":"repeat","background-position":"center center","background-size":"auto","background-attachment":"scroll","background-type":"","background-media":"","overlay-type":"","overlay-color":"","overlay-opacity":"","overlay-gradient":""},"mobile":{"background-color":"var(--ast-global-color-4)","background-image":"","background-repeat":"repeat","background-position":"center center","background-size":"auto","background-attachment":"scroll","background-type":"","background-media":"","overlay-type":"","overlay-color":"","overlay-opacity":"","overlay-gradient":""}},"footnotes":""},"class_list":["post-73","page","type-page","status-publish","hentry"],"aioseo_notices":[],"_links":{"self":[{"href":"https:\/\/www.peace-by-peace.eu\/index.php\/wp-json\/wp\/v2\/pages\/73","targetHints":{"allow":["GET"]}}],"collection":[{"href":"https:\/\/www.peace-by-peace.eu\/index.php\/wp-json\/wp\/v2\/pages"}],"about":[{"href":"https:\/\/www.peace-by-peace.eu\/index.php\/wp-json\/wp\/v2\/types\/page"}],"author":[{"embeddable":true,"href":"https:\/\/www.peace-by-peace.eu\/index.php\/wp-json\/wp\/v2\/users\/1"}],"replies":[{"embeddable":true,"href":"https:\/\/www.peace-by-peace.eu\/index.php\/wp-json\/wp\/v2\/comments?post=73"}],"version-history":[{"count":2,"href":"https:\/\/www.peace-by-peace.eu\/index.php\/wp-json\/wp\/v2\/pages\/73\/revisions"}],"predecessor-version":[{"id":82,"href":"https:\/\/www.peace-by-peace.eu\/index.php\/wp-json\/wp\/v2\/pages\/73\/revisions\/82"}],"wp:attachment":[{"href":"https:\/\/www.peace-by-peace.eu\/index.php\/wp-json\/wp\/v2\/media?parent=73"}],"curies":[{"name":"wp","href":"https:\/\/api.w.org\/{rel}","templated":true}]}}